{"id":6,"date":"2020-05-08T13:49:14","date_gmt":"2020-05-08T11:49:14","guid":{"rendered":"http:\/\/folding-blog.sylphen.com\/?page_id=6"},"modified":"2020-05-18T15:56:03","modified_gmt":"2020-05-18T13:56:03","slug":"das-neue-museum-oeffnet-seine-tueren-2","status":"publish","type":"page","link":"https:\/\/folding-blog.sylphen.com\/","title":{"rendered":"Mittelhessen fights Corona"},"content":{"rendered":"\n<div class=\"wp-block-group alignfull\"><div class=\"wp-block-group__inner-container is-layout-flow wp-block-group-is-layout-flow\">\n<div class=\"wp-block-columns is-layout-flex wp-container-core-columns-layout-1 wp-block-columns-is-layout-flex\">\n<div class=\"wp-block-column is-layout-flow wp-block-column-is-layout-flow\" style=\"flex-basis:66.66%\">\n<p class=\"has-background has-normal-font-size has-subtle-background-background-color\">Wir stellen die Rechenleistung unserer PC der medizinischen Forschung zur Verf\u00fcgung. Wir berichten hier \u00fcber den PC, den wir gemeinsam mit Euren Spenden daf\u00fcr aufgebaut haben.<\/p>\n<\/div>\n\n\n\n<div class=\"wp-block-column is-layout-flow wp-block-column-is-layout-flow\" style=\"flex-basis:33.33%\">\n<figure class=\"wp-block-image size-large is-resized is-style-default\"><a href=\"https:\/\/folding.extremeoverclocking.com\/team_summary.php?t=255225\"><img loading=\"lazy\" decoding=\"async\" src=\"https:\/\/folding.extremeoverclocking.com\/sigs\/sigimage.php?t=255225\" alt=\"Team-Ranking\" width=\"468\" height=\"120\"\/><\/a><figcaption>unser Team-Ranking<\/figcaption><\/figure>\n<\/div>\n<\/div>\n<\/div><\/div>\n\n\n\n<h1 class=\"wp-block-heading\" id=\"news\">News<\/h1>\n\n\n<ul class=\"wp-block-latest-posts__list has-dates wp-block-latest-posts\"><li><div class=\"wp-block-latest-posts__featured-image alignleft\"><img loading=\"lazy\" decoding=\"async\" width=\"150\" height=\"150\" src=\"https:\/\/folding-blog.sylphen.com\/wp-content\/uploads\/2020\/09\/Screenshot-Grafikkarten-Google-Docs-2020-09-23-150x150.png\" class=\"attachment-thumbnail size-thumbnail wp-post-image\" alt=\"\" style=\"\" \/><\/div><a class=\"wp-block-latest-posts__post-title\" href=\"https:\/\/folding-blog.sylphen.com\/?p=88\">Kosteneffizienz von Grafikkarten<\/a><time datetime=\"2020-09-23T11:49:32+02:00\" class=\"wp-block-latest-posts__post-date\">23. September 2020<\/time><div class=\"wp-block-latest-posts__post-excerpt\">F\u00fcr unser Projekt wollten wir die kosteng\u00fcnstigste bzw. kosteneffizienteste Grafikkarte einsetzen. Wir haben uns\u00a0\u2026 <a href=\"https:\/\/folding-blog.sylphen.com\/?p=88\" rel=\"noopener noreferrer\">Weiterlesen<span class=\"screen-reader-text\">: Kosteneffizienz von Grafikkarten<\/span><\/a><\/div><\/li>\n<li><div class=\"wp-block-latest-posts__featured-image alignleft\"><img loading=\"lazy\" decoding=\"async\" width=\"150\" height=\"117\" src=\"https:\/\/folding-blog.sylphen.com\/wp-content\/uploads\/2020\/09\/image-150x117.png\" class=\"attachment-thumbnail size-thumbnail wp-post-image\" alt=\"Projekt COVID Moonshot\" style=\"\" \/><\/div><a class=\"wp-block-latest-posts__post-title\" href=\"https:\/\/folding-blog.sylphen.com\/?p=83\">Projekt Covid Moonshot<\/a><time datetime=\"2020-09-05T18:06:15+02:00\" class=\"wp-block-latest-posts__post-date\">5. September 2020<\/time><div class=\"wp-block-latest-posts__post-excerpt\">Folding@Home unterst\u00fctzt nun das Projekt COVID Moonshot. Hierbei wird nicht ein Impfstoff gegen Corona\u00a0\u2026 <a href=\"https:\/\/folding-blog.sylphen.com\/?p=83\" rel=\"noopener noreferrer\">Weiterlesen<span class=\"screen-reader-text\">: Projekt Covid Moonshot<\/span><\/a><\/div><\/li>\n<li><div class=\"wp-block-latest-posts__featured-image alignleft\"><img loading=\"lazy\" decoding=\"async\" width=\"150\" height=\"150\" src=\"https:\/\/folding-blog.sylphen.com\/wp-content\/uploads\/2020\/05\/FAH-PC-NVidia2060S-Einbau1-150x150.jpeg\" class=\"attachment-thumbnail size-thumbnail wp-post-image\" alt=\"Bilder der Grafikkarte im FAH-Turbo-PC\" style=\"\" \/><\/div><a class=\"wp-block-latest-posts__post-title\" href=\"https:\/\/folding-blog.sylphen.com\/?p=68\">Grafikkarte eingebaut und l\u00e4uft &#8230;<\/a><time datetime=\"2020-05-18T15:52:50+02:00\" class=\"wp-block-latest-posts__post-date\">18. Mai 2020<\/time><div class=\"wp-block-latest-posts__post-excerpt\">Unsere erste Grafikkarte zum hocheffizientem Berechnen ist eingebaut! Nach langen internen Diskussionen und Abw\u00e4gungen\u00a0\u2026 <a href=\"https:\/\/folding-blog.sylphen.com\/?p=68\" rel=\"noopener noreferrer\">Weiterlesen<span class=\"screen-reader-text\">: Grafikkarte eingebaut und l\u00e4uft &#8230;<\/span><\/a><\/div><\/li>\n<li><div class=\"wp-block-latest-posts__featured-image alignleft\"><img loading=\"lazy\" decoding=\"async\" width=\"150\" height=\"150\" src=\"https:\/\/folding-blog.sylphen.com\/wp-content\/uploads\/2020\/05\/FoldingAtHome-wus-certificate-113321969-150x150.jpg\" class=\"attachment-thumbnail size-thumbnail wp-post-image\" alt=\"\" style=\"\" \/><\/div><a class=\"wp-block-latest-posts__post-title\" href=\"https:\/\/folding-blog.sylphen.com\/?p=61\">Die erste Woche<\/a><time datetime=\"2020-05-15T12:20:21+02:00\" class=\"wp-block-latest-posts__post-date\">15. Mai 2020<\/time><div class=\"wp-block-latest-posts__post-excerpt\">So, fast 7 Tage lief unser PC Mittelhessen-fights-Corona durchg\u00e4ngig und hat mit seiner CPU\u00a0\u2026 <a href=\"https:\/\/folding-blog.sylphen.com\/?p=61\" rel=\"noopener noreferrer\">Weiterlesen<span class=\"screen-reader-text\">: Die erste Woche<\/span><\/a><\/div><\/li>\n<li><a class=\"wp-block-latest-posts__post-title\" href=\"https:\/\/folding-blog.sylphen.com\/?p=39\">Unser PC l\u00e4uft<\/a><time datetime=\"2020-05-10T17:29:43+02:00\" class=\"wp-block-latest-posts__post-date\">10. Mai 2020<\/time><div class=\"wp-block-latest-posts__post-excerpt\">und erscheint wie alle, die 100.000 Punkte erreicht haben, auch schon in der FAH-Statistik\u00a0\u2026 <a href=\"https:\/\/folding-blog.sylphen.com\/?p=39\" rel=\"noopener noreferrer\">Weiterlesen<span class=\"screen-reader-text\">: Unser PC l\u00e4uft<\/span><\/a><\/div><\/li>\n<\/ul>\n\n\n<div class=\"wp-block-group alignwide has-background-background-color has-primary-color has-text-color has-background\"><div class=\"wp-block-group__inner-container is-layout-flow wp-block-group-is-layout-flow\">\n<div class=\"wp-block-group\"><div class=\"wp-block-group__inner-container is-layout-flow wp-block-group-is-layout-flow\">\n<h2 class=\"has-text-align-center wp-block-heading\">Unterst\u00fctze uns durch eine Spende!<\/h2>\n\n\n\n<p class=\"has-text-align-center\">Jede kleine Spende bringt uns dem Ziel n\u00e4her und motiviert weiter, mehr zu machen&#8230;<\/p>\n\n\n\n<div class=\"wp-block-button aligncenter\"><a class=\"wp-block-button__link\" href=\"https:\/\/www.betterplace.me\/power-pc-fuer-folding-at-home-gegen-corona\" target=\"_blank\" rel=\"noreferrer noopener\">Spenden \u00fcber Betterplace<\/a><\/div>\n<\/div><\/div>\n<\/div><\/div>\n\n\n\n<div class=\"wp-block-group alignwide has-background-background-color has-background\"><div class=\"wp-block-group__inner-container is-layout-flow wp-block-group-is-layout-flow\">\n<div class=\"wp-block-group\"><div class=\"wp-block-group__inner-container is-layout-flow wp-block-group-is-layout-flow\">\n<h2 class=\"has-text-align-center wp-block-heading\">Unterst\u00fctze uns mit Deinem PC oder Mac!<\/h2>\n\n\n\n<p class=\"has-text-align-center\"><a rel=\"noreferrer noopener\" href=\"https:\/\/foldingathome.org\/start-folding\/\" target=\"_blank\">Installiert den Folding@Home-Client<\/a> auf eurem PC oder Mac und lass nebenbei bzw. wenn er nichts zu tun hat, &#8222;Proteine falten&#8220;. Gerne k\u00f6nnt ihr auch zum Team <a rel=\"noreferrer noopener\" href=\"https:\/\/stats.foldingathome.org\/team\/255225\" target=\"_blank\">&#8222;<em>Sylphen fights Corona<\/em>&#8220; (Team-ID: 255225<\/a>) kommen.<\/p>\n\n\n\n<div class=\"wp-block-button aligncenter\"><a class=\"wp-block-button__link\" href=\"https:\/\/foldingathome.org\/start-folding\/\" target=\"_blank\" rel=\"noreferrer noopener\">Folding@Home installieren<\/a><\/div>\n<\/div><\/div>\n<\/div><\/div>\n","protected":false},"excerpt":{"rendered":"<p>Wir stellen die Rechenleistung unserer PC der medizinischen Forschung zur Verf\u00fcgung. Wir berichten hier \u00fcber den PC, den wir gemeinsam mit Euren Spenden daf\u00fcr aufgebaut haben. News Unterst\u00fctze uns durch eine Spende! Jede kleine Spende bringt uns dem Ziel n\u00e4her und motiviert weiter, mehr zu machen&#8230; Unterst\u00fctze uns mit Deinem PC oder Mac! Installiert den [&hellip;]<\/p>\n","protected":false},"author":2,"featured_media":0,"parent":0,"menu_order":0,"comment_status":"closed","ping_status":"closed","template":"templates\/template-full-width.php","meta":{"footnotes":""},"_links":{"self":[{"href":"https:\/\/folding-blog.sylphen.com\/index.php?rest_route=\/wp\/v2\/pages\/6"}],"collection":[{"href":"https:\/\/folding-blog.sylphen.com\/index.php?rest_route=\/wp\/v2\/pages"}],"about":[{"href":"https:\/\/folding-blog.sylphen.com\/index.php?rest_route=\/wp\/v2\/types\/page"}],"author":[{"embeddable":true,"href":"https:\/\/folding-blog.sylphen.com\/index.php?rest_route=\/wp\/v2\/users\/2"}],"replies":[{"embeddable":true,"href":"https:\/\/folding-blog.sylphen.com\/index.php?rest_route=%2Fwp%2Fv2%2Fcomments&post=6"}],"version-history":[{"count":15,"href":"https:\/\/folding-blog.sylphen.com\/index.php?rest_route=\/wp\/v2\/pages\/6\/revisions"}],"predecessor-version":[{"id":74,"href":"https:\/\/folding-blog.sylphen.com\/index.php?rest_route=\/wp\/v2\/pages\/6\/revisions\/74"}],"wp:attachment":[{"href":"https:\/\/folding-blog.sylphen.com\/index.php?rest_route=%2Fwp%2Fv2%2Fmedia&parent=6"}],"curies":[{"name":"wp","href":"https:\/\/api.w.org\/{rel}","templated":true}]}}